{"id":11,"date":"2024-03-29T23:01:22","date_gmt":"2024-03-29T22:01:22","guid":{"rendered":"https:\/\/plavbylodou.eu\/?page_id=11"},"modified":"2024-04-03T23:27:10","modified_gmt":"2024-04-03T21:27:10","slug":"kontakt","status":"publish","type":"page","link":"https:\/\/plavbylodou.eu\/?page_id=11","title":{"rendered":"Kontakt"},"content":{"rendered":"\n<p>Pre objedn\u00e1vky na\u0161ich slu\u017eieb volajte telef\u00f3nne \u010d\u00edslo:<\/p>\n\n\n\n<p class=\"has-text-align-center has-vivid-cyan-blue-color has-text-color has-link-color has-large-font-size wp-elements-1d356b932439fa315ff15f7116613906\"><strong>+421 903 013 472<\/strong><\/p>\n","protected":false},"excerpt":{"rendered":"<p>Pre objedn\u00e1vky na\u0161ich slu\u017eieb volajte telef\u00f3nne \u010d\u00edslo: +421 903 013 472<\/p>\n","protected":false},"author":1,"featured_media":37,"parent":0,"menu_order":0,"comment_status":"closed","ping_status":"closed","template":"","meta":{"footnotes":""},"class_list":["post-11","page","type-page","status-publish","has-post-thumbnail","hentry"],"yoast_head":"<!-- This site is optimized with the Yoast SEO plugin v22.3 - https:\/\/yoast.com\/wordpress\/plugins\/seo\/ -->\n<title>Kontakt - plavbylodou.eu<\/title>\n<meta name=\"robots\" content=\"index, follow, max-snippet:-1, max-image-preview:large, max-video-preview:-1\" \/>\n<link rel=\"canonical\" href=\"https:\/\/plavbylodou.eu\/?page_id=11\" \/>\n<meta property=\"og:locale\" content=\"sk_SK\" \/>\n<meta property=\"og:type\" content=\"article\" \/>\n<meta property=\"og:title\" content=\"Kontakt - plavbylodou.eu\" \/>\n<meta property=\"og:description\" content=\"Pre objedn\u00e1vky na\u0161ich slu\u017eieb volajte telef\u00f3nne \u010d\u00edslo: +421 903 013 472\" \/>\n<meta property=\"og:url\" content=\"https:\/\/plavbylodou.eu\/?page_id=11\" \/>\n<meta property=\"og:site_name\" content=\"plavbylodou.eu\" \/>\n<meta property=\"article:modified_time\" content=\"2024-04-03T21:27:10+00:00\" \/>\n<meta property=\"og:image\" content=\"https:\/\/plavbylodou.eu\/wp-content\/uploads\/2024\/03\/20220628_152143_resized-scaled.jpg\" \/>\n\t<meta property=\"og:image:width\" content=\"2560\" \/>\n\t<meta property=\"og:image:height\" content=\"1211\" \/>\n\t<meta property=\"og:image:type\" content=\"image\/jpeg\" \/>\n<meta name=\"twitter:card\" content=\"summary_large_image\" \/>\n<meta name=\"twitter:label1\" content=\"Predpokladan\u00fd \u010das \u010d\u00edtania\" \/>\n\t<meta name=\"twitter:data1\" content=\"1 min\u00fata\" \/>\n<script type=\"application\/ld+json\" class=\"yoast-schema-graph\">{\"@context\":\"https:\/\/schema.org\",\"@graph\":[{\"@type\":\"WebPage\",\"@id\":\"https:\/\/plavbylodou.eu\/?page_id=11\",\"url\":\"https:\/\/plavbylodou.eu\/?page_id=11\",\"name\":\"Kontakt - plavbylodou.eu\",\"isPartOf\":{\"@id\":\"https:\/\/plavbylodou.eu\/#website\"},\"primaryImageOfPage\":{\"@id\":\"https:\/\/plavbylodou.eu\/?page_id=11#primaryimage\"},\"image\":{\"@id\":\"https:\/\/plavbylodou.eu\/?page_id=11#primaryimage\"},\"thumbnailUrl\":\"https:\/\/plavbylodou.eu\/wp-content\/uploads\/2024\/03\/20220628_152143_resized-scaled.jpg\",\"datePublished\":\"2024-03-29T22:01:22+00:00\",\"dateModified\":\"2024-04-03T21:27:10+00:00\",\"breadcrumb\":{\"@id\":\"https:\/\/plavbylodou.eu\/?page_id=11#breadcrumb\"},\"inLanguage\":\"sk-SK\",\"potentialAction\":[{\"@type\":\"ReadAction\",\"target\":[\"https:\/\/plavbylodou.eu\/?page_id=11\"]}]},{\"@type\":\"ImageObject\",\"inLanguage\":\"sk-SK\",\"@id\":\"https:\/\/plavbylodou.eu\/?page_id=11#primaryimage\",\"url\":\"https:\/\/plavbylodou.eu\/wp-content\/uploads\/2024\/03\/20220628_152143_resized-scaled.jpg\",\"contentUrl\":\"https:\/\/plavbylodou.eu\/wp-content\/uploads\/2024\/03\/20220628_152143_resized-scaled.jpg\",\"width\":2560,\"height\":1211},{\"@type\":\"BreadcrumbList\",\"@id\":\"https:\/\/plavbylodou.eu\/?page_id=11#breadcrumb\",\"itemListElement\":[{\"@type\":\"ListItem\",\"position\":1,\"name\":\"Domovsk\u00e1 str\u00e1nka\",\"item\":\"https:\/\/plavbylodou.eu\/\"},{\"@type\":\"ListItem\",\"position\":2,\"name\":\"Kontakt\"}]},{\"@type\":\"WebSite\",\"@id\":\"https:\/\/plavbylodou.eu\/#website\",\"url\":\"https:\/\/plavbylodou.eu\/\",\"name\":\"plavbylodou.eu\",\"description\":\"\",\"potentialAction\":[{\"@type\":\"SearchAction\",\"target\":{\"@type\":\"EntryPoint\",\"urlTemplate\":\"https:\/\/plavbylodou.eu\/?s={search_term_string}\"},\"query-input\":\"required name=search_term_string\"}],\"inLanguage\":\"sk-SK\"}]}<\/script>\n<!-- \/ Yoast SEO plugin. -->","yoast_head_json":{"title":"Kontakt - plavbylodou.eu","robots":{"index":"index","follow":"follow","max-snippet":"max-snippet:-1","max-image-preview":"max-image-preview:large","max-video-preview":"max-video-preview:-1"},"canonical":"https:\/\/plavbylodou.eu\/?page_id=11","og_locale":"sk_SK","og_type":"article","og_title":"Kontakt - plavbylodou.eu","og_description":"Pre objedn\u00e1vky na\u0161ich slu\u017eieb volajte telef\u00f3nne \u010d\u00edslo: +421 903 013 472","og_url":"https:\/\/plavbylodou.eu\/?page_id=11","og_site_name":"plavbylodou.eu","article_modified_time":"2024-04-03T21:27:10+00:00","og_image":[{"width":2560,"height":1211,"url":"https:\/\/plavbylodou.eu\/wp-content\/uploads\/2024\/03\/20220628_152143_resized-scaled.jpg","type":"image\/jpeg"}],"twitter_card":"summary_large_image","twitter_misc":{"Predpokladan\u00fd \u010das \u010d\u00edtania":"1 min\u00fata"},"schema":{"@context":"https:\/\/schema.org","@graph":[{"@type":"WebPage","@id":"https:\/\/plavbylodou.eu\/?page_id=11","url":"https:\/\/plavbylodou.eu\/?page_id=11","name":"Kontakt - plavbylodou.eu","isPartOf":{"@id":"https:\/\/plavbylodou.eu\/#website"},"primaryImageOfPage":{"@id":"https:\/\/plavbylodou.eu\/?page_id=11#primaryimage"},"image":{"@id":"https:\/\/plavbylodou.eu\/?page_id=11#primaryimage"},"thumbnailUrl":"https:\/\/plavbylodou.eu\/wp-content\/uploads\/2024\/03\/20220628_152143_resized-scaled.jpg","datePublished":"2024-03-29T22:01:22+00:00","dateModified":"2024-04-03T21:27:10+00:00","breadcrumb":{"@id":"https:\/\/plavbylodou.eu\/?page_id=11#breadcrumb"},"inLanguage":"sk-SK","potentialAction":[{"@type":"ReadAction","target":["https:\/\/plavbylodou.eu\/?page_id=11"]}]},{"@type":"ImageObject","inLanguage":"sk-SK","@id":"https:\/\/plavbylodou.eu\/?page_id=11#primaryimage","url":"https:\/\/plavbylodou.eu\/wp-content\/uploads\/2024\/03\/20220628_152143_resized-scaled.jpg","contentUrl":"https:\/\/plavbylodou.eu\/wp-content\/uploads\/2024\/03\/20220628_152143_resized-scaled.jpg","width":2560,"height":1211},{"@type":"BreadcrumbList","@id":"https:\/\/plavbylodou.eu\/?page_id=11#breadcrumb","itemListElement":[{"@type":"ListItem","position":1,"name":"Domovsk\u00e1 str\u00e1nka","item":"https:\/\/plavbylodou.eu\/"},{"@type":"ListItem","position":2,"name":"Kontakt"}]},{"@type":"WebSite","@id":"https:\/\/plavbylodou.eu\/#website","url":"https:\/\/plavbylodou.eu\/","name":"plavbylodou.eu","description":"","potentialAction":[{"@type":"SearchAction","target":{"@type":"EntryPoint","urlTemplate":"https:\/\/plavbylodou.eu\/?s={search_term_string}"},"query-input":"required name=search_term_string"}],"inLanguage":"sk-SK"}]}},"_links":{"self":[{"href":"https:\/\/plavbylodou.eu\/index.php?rest_route=\/wp\/v2\/pages\/11","targetHints":{"allow":["GET"]}}],"collection":[{"href":"https:\/\/plavbylodou.eu\/index.php?rest_route=\/wp\/v2\/pages"}],"about":[{"href":"https:\/\/plavbylodou.eu\/index.php?rest_route=\/wp\/v2\/types\/page"}],"author":[{"embeddable":true,"href":"https:\/\/plavbylodou.eu\/index.php?rest_route=\/wp\/v2\/users\/1"}],"replies":[{"embeddable":true,"href":"https:\/\/plavbylodou.eu\/index.php?rest_route=%2Fwp%2Fv2%2Fcomments&post=11"}],"version-history":[{"count":4,"href":"https:\/\/plavbylodou.eu\/index.php?rest_route=\/wp\/v2\/pages\/11\/revisions"}],"predecessor-version":[{"id":96,"href":"https:\/\/plavbylodou.eu\/index.php?rest_route=\/wp\/v2\/pages\/11\/revisions\/96"}],"wp:featuredmedia":[{"embeddable":true,"href":"https:\/\/plavbylodou.eu\/index.php?rest_route=\/wp\/v2\/media\/37"}],"wp:attachment":[{"href":"https:\/\/plavbylodou.eu\/index.php?rest_route=%2Fwp%2Fv2%2Fmedia&parent=11"}],"curies":[{"name":"wp","href":"https:\/\/api.w.org\/{rel}","templated":true}]}}